{"id":797,"date":"2021-07-23T11:19:23","date_gmt":"2021-07-23T09:19:23","guid":{"rendered":"https:\/\/www.rpm-factories.de\/?page_id=797"},"modified":"2022-03-17T15:14:32","modified_gmt":"2022-03-17T14:14:32","slug":"story","status":"publish","type":"page","link":"https:\/\/www.rpm-factories.de\/en\/story\/","title":{"rendered":"Company History"},"content":{"rendered":"<div class=\"lazyblock-container-Am36A wp-block-lazyblock-container\" id=\"section-start\"><div class=\"container pt-lg pb-lg container--has-img-stretched\">\r\n\t\n\n<div class=\"ghostkit-grid ghostkit-grid-gap-lg\"><div class=\"ghostkit-grid-inner\">\n<div class=\"ghostkit-col ghostkit-col-md-12 ghostkit-col-6\"><div class=\"ghostkit-col-content is-layout-flow wp-block-ghostkit-grid-column-is-layout-flow\">\n<figure class=\"wp-block-image size-full\"><img decoding=\"async\" width=\"880\" height=\"650\" src=\"https:\/\/www.rpm-factories.de\/wp-content\/uploads\/2021\/10\/rpm-origin_juliusplatz-helmstedt_gross-w.jpg\" alt=\"\" class=\"wp-image-1772\" srcset=\"https:\/\/www.rpm-factories.de\/wp-content\/uploads\/2021\/10\/rpm-origin_juliusplatz-helmstedt_gross-w.jpg 880w, https:\/\/www.rpm-factories.de\/wp-content\/uploads\/2021\/10\/rpm-origin_juliusplatz-helmstedt_gross-w-500x369.jpg 500w, https:\/\/www.rpm-factories.de\/wp-content\/uploads\/2021\/10\/rpm-origin_juliusplatz-helmstedt_gross-w-768x567.jpg 768w\" sizes=\"(max-width: 880px) 100vw, 880px\" \/><figcaption>Der erste Standort der rpm, Gr\u00fcnderzentrums der <br>Deutschen Technischen Akademie (DTA) in Helmstedt<\/figcaption><\/figure>\n<\/div><\/div>\n\n\n\n<div class=\"ghostkit-col ghostkit-col-md-12 ghostkit-col-6 ghostkit-col-align-self-center\"><div class=\"ghostkit-col-content is-layout-flow wp-block-ghostkit-grid-column-is-layout-flow\">\n<h1 class=\"wp-block-heading\">DIE HERKUNFT DES UNTERNEHMENS<\/h1>\n\n\n\n<p>Die rpm wurde am 5. Mai 1997 von Dr. J\u00f6rg M. Gerken und Dr. Klaus Kreutzburg in Helmstedt gegr\u00fcndet.<br>Die Idee, ein Unternehmen im Bereich der Produktentwicklung aufzubauen, entstand aus der vorherigen T\u00e4tigkeit an einem Forschungsinstitut in Hannover, dem Laser Zentrum.<\/p>\n\n\n\n<p>Der erste Standort der rpm war in den R\u00e4umen des Gr\u00fcnderzentrums der Deutschen Technischen Akademie (DTA) in Helmstedt am Juliusplatz. Nach dem Beginn mit der Fertigung von Prototypen mittels Lasersintertechnik entwickelte sich das Unternehmen innerhalb von wenigen Jahren zu einem umfassenden Dienstleister f\u00fcr die professionelle Herstellung von Prototypen und Kleinserien aus Kunststoff und Metall.<\/p>\n\n\n\n<p>In diesem Zuge wurde das Unternehmen im Jahre 2003 in rpm rapid product manufacturing GmbH umbenannt; somit wurde man auch in der Namensgebung der Entwicklung gerecht.<\/p>\n<\/div><\/div>\n<\/div><\/div>\n\n<\/div>\r\n<\/div>\n\n<div class=\"lazyblock-container-Z26tcWw wp-block-lazyblock-container\" id=\"data-formats\"><div class=\"container pt-lg pb-lg container--has-img-stretched\">\r\n\t\n\n<div class=\"ghostkit-grid ghostkit-grid-gap-lg\"><div class=\"ghostkit-grid-inner\">\n<div class=\"ghostkit-col ghostkit-col-md-12 ghostkit-col-6\"><div class=\"ghostkit-col-content is-layout-flow wp-block-ghostkit-grid-column-is-layout-flow\">\n<h2 class=\"wp-block-heading\">ERWEITERUNGEN UND UMZUG AN DEN DERZEITIGEN STANDORT<\/h2>\n\n\n\n<p>Bereits im Jahre 2000 expandierte das Unternehmen; im sachsen-anhaltinischen Irxleben, zwischen Helmstedt und Magdeburg, wurde eine zweite Betriebsst\u00e4tte f\u00fcr das Lasersintern, die Fr\u00e4stechnik, den Gie\u00dfereimodellbau, das RIM und Laminieren er\u00f6ffnet.<\/p>\n\n\n\n<p>Diesem Schritt folgte 2002 der Eintritt in den US-amerikanischen Markt. Am Standort in Auburn Hills in Michigan wird seitdem beim amerikanischen Kooperationspartner MPI Technologie made in Helmstedt genutzt.<\/p>\n\n\n\n<p>Wegen des erh\u00f6hten Platzbedarfes f\u00fcr die Produktion und Fertigung, zog die rpm innerhalb ihres Hauptstandortes im Jahre 2003 vom Gr\u00fcnderzentrum am Juliusplatz in das Technolgie- und BusinessZentrum der DTA in die Dieselstra\u00dfe 15 in Helmstedt.<\/p>\n\n\n\n<p>In 2006 wurde aus Gr\u00fcnden der Prozessoptimierung der Standort Irxleben geschlossen und in den Standort Helmstedt integriert. Das f\u00fchrte dazu, da\u00df rpm im Jahr 2008 erstmals nach DIN ISO 9001 zertifiziert wurde. Dies erm\u00f6glicht rpm eine stetig wachsende Erweiterung im Bereich der Klein- und Sonderserien-Kunststoffteile.<\/p>\n<\/div><\/div>\n\n\n\n<div class=\"ghostkit-col ghostkit-col-md-12 ghostkit-col-6\"><div class=\"ghostkit-col-content is-layout-flow wp-block-ghostkit-grid-column-is-layout-flow\">\n<figure class=\"wp-block-image size-full\"><img decoding=\"async\" width=\"880\" height=\"650\" src=\"https:\/\/www.rpm-factories.de\/wp-content\/uploads\/2021\/10\/rpm_2003_standort-Helmstedt_w.jpg\" alt=\"\" class=\"wp-image-1774\" srcset=\"https:\/\/www.rpm-factories.de\/wp-content\/uploads\/2021\/10\/rpm_2003_standort-Helmstedt_w.jpg 880w, https:\/\/www.rpm-factories.de\/wp-content\/uploads\/2021\/10\/rpm_2003_standort-Helmstedt_w-500x369.jpg 500w, https:\/\/www.rpm-factories.de\/wp-content\/uploads\/2021\/10\/rpm_2003_standort-Helmstedt_w-768x567.jpg 768w\" sizes=\"(max-width: 880px) 100vw, 880px\" \/><figcaption>Dritte und aktuellen Standort der rpm in der <br>Technolgie- und Business Zentrum der DTA<\/figcaption><\/figure>\n<\/div><\/div>\n<\/div><\/div>\n\n<\/div>\r\n<\/div>\n\n<div class=\"lazyblock-container-1LWF8x wp-block-lazyblock-container\" id=\"data-transfer\"><div class=\"container pt-lg pb-lg container--has-img-stretched\">\r\n\t\n\n<div class=\"ghostkit-grid ghostkit-grid-gap-lg\"><div class=\"ghostkit-grid-inner\">\n<div class=\"ghostkit-col ghostkit-col-md-12 ghostkit-col-6\"><div class=\"ghostkit-col-content is-layout-flow wp-block-ghostkit-grid-column-is-layout-flow\">\n<div class=\"wp-block-image\"><figure class=\"alignleft size-full\"><img decoding=\"async\" width=\"880\" height=\"650\" src=\"https:\/\/www.rpm-factories.de\/wp-content\/uploads\/2021\/10\/rpm-ladezone-von-oben-w.jpg\" alt=\"\" class=\"wp-image-1782\" srcset=\"https:\/\/www.rpm-factories.de\/wp-content\/uploads\/2021\/10\/rpm-ladezone-von-oben-w.jpg 880w, https:\/\/www.rpm-factories.de\/wp-content\/uploads\/2021\/10\/rpm-ladezone-von-oben-w-500x369.jpg 500w, https:\/\/www.rpm-factories.de\/wp-content\/uploads\/2021\/10\/rpm-ladezone-von-oben-w-768x567.jpg 768w\" sizes=\"(max-width: 880px) 100vw, 880px\" \/><\/figure><\/div>\n<\/div><\/div>\n\n\n\n<div class=\"ghostkit-col ghostkit-col-md-12 ghostkit-col-6\"><div class=\"ghostkit-col-content is-layout-flow wp-block-ghostkit-grid-column-is-layout-flow\">\n<h2 class=\"wp-block-heading\">GR\u00d6\u00dfERE FERTIGUNGSBEREICHE UND SCHWERPUNKTSETZUNG AUF NEUE TECHNOLOGIEN<\/h2>\n\n\n\n<p>Knapp sieben Jahre sp\u00e4ter war rpm bereit f\u00fcr das n\u00e4chste Wachstum auf 3500 Quadratmeter. Im Jahr 2015 hatte rpm zwei zus\u00e4tzliche Stockwerke f\u00fcr die Verwaltung aufgestockt und zwei seiner Produktionshallen verbreitert.<\/p>\n\n\n\n<p>Damit war man in der Lage, das aktuelle Produktionsvolumen zu bedienen und sich auf die Aktualisierung des Technologieportfolios zu konzentrieren. Im Jahr 2018 wurde das Unternehmen zu einer der ersten Produktionsst\u00e4tten in Europa, die mit der DLS 3D-Drucktechnologie von Carbon arbeitet. <\/p>\n\n\n\n<p>Im Jahr 2020 ersetzte das Unternehmen drei \u00e4ltere SLS-Maschinen durch zwei neue Systeme von Farsoon. Damit wurde das Unternehmen erneut zum Vorreiter, da es eines der ersten Dienstleistungsunternehmen in Europa war, das mit dieser Technologie arbeitete. Parallel zu dem Hochtemperatursystem konnte rpm mit der Arbeit mit Spezialmaterialien beginnen.<\/p>\n<\/div><\/div>\n<\/div><\/div>\n\n<\/div>\r\n<\/div>\n\n<div class=\"lazyblock-form-Z2mKpKk has-secondary-background-color has-text-inverse-color wp-block-lazyblock-form\" id=\"form\"><div class=\"wp-block-form form pt-md pb-md\">\r\n\t<div class=\"container\">\r\n\t\t<div class=\"row\">\r\n\t\t\t<div class=\"form__content col-12 col-md-6\">\r\n\t\t\t\t<strong class=\"form__title h2\">Interested in working together?<\/strong>\r\n\t\t\t\t<div class=\"form__description\">Our account managers will have an offer prepared within 24-72 hours.<\/div>\r\n\t\t\t\t<div class=\"form__shortcode\">\n<div class=\"wpcf7 no-js\" id=\"wpcf7-f1767-o1\" lang=\"de-DE\" dir=\"ltr\" data-wpcf7-id=\"1767\">\n<div class=\"screen-reader-response\"><p role=\"status\" aria-live=\"polite\" aria-atomic=\"true\"><\/p> <ul><\/ul><\/div>\n<form action=\"\/en\/wp-json\/wp\/v2\/pages\/797#wpcf7-f1767-o1\" method=\"post\" class=\"wpcf7-form init\" aria-label=\"Kontaktformular\" enctype=\"multipart\/form-data\" novalidate=\"novalidate\" data-status=\"init\">\n<fieldset class=\"hidden-fields-container\"><input type=\"hidden\" name=\"_wpcf7\" value=\"1767\" \/><input type=\"hidden\" name=\"_wpcf7_version\" value=\"6.1.5\" \/><input type=\"hidden\" name=\"_wpcf7_locale\" value=\"de_DE_formal\" \/><input type=\"hidden\" name=\"_wpcf7_unit_tag\" value=\"wpcf7-f1767-o1\" \/><input type=\"hidden\" name=\"_wpcf7_container_post\" value=\"0\" \/><input type=\"hidden\" name=\"_wpcf7_posted_data_hash\" value=\"\" \/><input type=\"hidden\" name=\"upload_dir\" value=\"tmp_uploads\" \/><input type=\"hidden\" name=\"generate_name\" value=\"04-21-26-69e73f752f8b0\" \/>\n<\/fieldset>\n<div class=\"row\">\n<div class=\"col-12 col-sm-6\">\n<fieldset class=\"states\">\n<label for=\"Name\">Name*<\/label>\n<span class=\"wpcf7-form-control-wrap\" data-name=\"surname\"><input size=\"40\" maxlength=\"400\" class=\"wpcf7-form-control wpcf7-text wpcf7-validates-as-required\" id=\"surname\" aria-required=\"true\" aria-invalid=\"false\" value=\"\" type=\"text\" name=\"surname\" \/><\/span>\n<\/fieldset>\n<\/div>\n<div class=\"col-12 col-sm-6\">\n<fieldset class=\"states\">\n<label for=\"email\">Email*<\/label>\n<span class=\"wpcf7-form-control-wrap\" data-name=\"email\"><input size=\"40\" maxlength=\"400\" class=\"wpcf7-form-control wpcf7-email wpcf7-validates-as-required wpcf7-text wpcf7-validates-as-email\" id=\"email\" aria-required=\"true\" aria-invalid=\"false\" value=\"\" type=\"email\" name=\"email\" \/><\/span>\n<\/fieldset>\n<\/div>\n<\/div>\n<div class=\"row\">\n<div class=\"col-12 col-sm-6\">\n<fieldset class=\"states\">\n<label for=\"phone\">Phone number<\/label>\n<span class=\"wpcf7-form-control-wrap\" data-name=\"phone\"><input size=\"40\" maxlength=\"400\" class=\"wpcf7-form-control wpcf7-tel wpcf7-text wpcf7-validates-as-tel\" id=\"phone\" aria-invalid=\"false\" value=\"\" type=\"tel\" name=\"phone\" \/><\/span>\n<\/fieldset>\n<\/div>\n<div class=\"col-12 col-sm-6\">\n<fieldset class=\"states\">\n<label for=\"company\">Company<\/label>\n<span class=\"wpcf7-form-control-wrap\" data-name=\"company\"><input size=\"40\" maxlength=\"400\" class=\"wpcf7-form-control wpcf7-text\" id=\"company\" aria-invalid=\"false\" value=\"\" type=\"text\" name=\"company\" \/><\/span>\n<\/fieldset>\n<\/div>\n<\/div>\n<div class=\"row\">\n<div class=\"col-12\">\n<fieldset class=\"states\">\n<label for=\"message\">Message*<\/label>\n<span class=\"wpcf7-form-control-wrap\" data-name=\"message\"><textarea cols=\"30\" rows=\"4\" maxlength=\"2000\" class=\"wpcf7-form-control wpcf7-textarea wpcf7-validates-as-required\" id=\"message\" aria-required=\"true\" aria-invalid=\"false\" name=\"message\"><\/textarea><\/span>\n<\/fieldset>\n<\/div>\n<\/div>\n<div class=\"row\">\n<div class=\"col-12\">\n<fieldset class=\"pt-4\">\n<span class=\"wpcf7-form-control-wrap\" data-name=\"cadmodel\"><input size=\"40\" class=\"wpcf7-form-control wpcf7-file\" id=\"en\" accept=\".step,.stp,.stl,.catia,.iges,.dxf,.3mf,.vdafs,.dicom,.sldprt,.xt,.xb,.ipt,.3dxml,.prt,.sat\" aria-invalid=\"false\" type=\"file\" name=\"cadmodel\" \/><\/span>\n<\/fieldset>\n<\/div>\n<\/div>\n<div class=\"row\">\n<div class=\"col-12\">\n<fieldset class=\"pt-4\">\n<label class=\"checkbox\"><span class=\"wpcf7-form-control-wrap\" data-name=\"privacy\"><span class=\"wpcf7-form-control wpcf7-checkbox wpcf7-validates-as-required\"><span class=\"wpcf7-list-item first last\"><input type=\"checkbox\" name=\"privacy[]\" value=\"I hereby consent to the processing and transmission of my input through this website.*\" \/><span class=\"wpcf7-list-item-label\">I hereby consent to the processing and transmission of my input through this website.*<\/span><\/span><\/span><\/span><\/label>\n<\/fieldset>\n<\/div>\n<\/div>\n<div class=\"row\">\n<div class=\"col-12\">\n<span id=\"wpcf7-69e73f75301ad-wrapper\" class=\"wpcf7-form-control-wrap email-from-wrap\" ><input type=\"hidden\" name=\"email-from-time-start\" value=\"1776762741\"><input type=\"hidden\" name=\"email-from-time-check\" value=\"4\"><input id=\"wpcf7-69e73f75301ad-field\"  class=\"wpcf7-form-control wpcf7-text\" type=\"text\" name=\"email-from\" value=\"\" size=\"40\" tabindex=\"-1\" autocomplete=\"new-password\" \/><\/span>\n<fieldset class=\"pt-4 text-center text-md-start\">\n<button class=\"wpcf7-form-control wpcf7-submit button--skew\" type=\"submit\">Send<\/button>\n<\/fieldset>\n<\/div>\n<\/div><div class=\"wpcf7-response-output\" aria-hidden=\"true\"><\/div>\n<\/form>\n<\/div>\n<\/div>\r\n\t\t\t<\/div>\r\n\t\t\t\t\t\t\t\t<aside class=\"form__ansprechpartner text-center col-12 col-md-6 mt-5 mt-md-0\">\r\n\t\t\t\t\t\t<strong class=\"ansprechpartner__title h3 has-large-font-size\">Initial Contact<\/strong>\r\n\t\t\t\t\t\t\t\t\t\t\t\t\t\t<div class=\"form__ansprechpartner__entry mt-5 mt-md-0\">\r\n\t\t\t\t\t\t\t\t\t<img decoding=\"async\" width=\"880\" height=\"650\" src=\"https:\/\/www.rpm-factories.de\/wp-content\/uploads\/2021\/10\/rpm-Vertrieb-2021-um-Eingangsschild-w.jpg\" class=\"ansprechpartner__image mb-3\" alt=\"rpm Sales Team presenting rpm\" srcset=\"https:\/\/www.rpm-factories.de\/wp-content\/uploads\/2021\/10\/rpm-Vertrieb-2021-um-Eingangsschild-w.jpg 880w, https:\/\/www.rpm-factories.de\/wp-content\/uploads\/2021\/10\/rpm-Vertrieb-2021-um-Eingangsschild-w-500x369.jpg 500w, https:\/\/www.rpm-factories.de\/wp-content\/uploads\/2021\/10\/rpm-Vertrieb-2021-um-Eingangsschild-w-768x567.jpg 768w\" sizes=\"(max-width: 880px) 100vw, 880px\" \/>\t\t\t\t\t\t\t\t\t\t\t\t\t\t\t\t\t\t\t\t<strong class=\"ansprechpartner__name h3\">rpm Technical Sales Team<\/strong>\r\n\t\t\t\t\t\t\t\t\t\t\t\t\t\t\t\t\t\t\t<\/div>\r\n\t\t\t\t\t\t\t\t\t\t\t\t\t\t<div class=\"form__ansprechpartner__entry mt-5 \">\r\n\t\t\t\t\t\t\t\t\t\t\t\t\t\t\t\t<div class=\"ansprechpartner__phone\">\r\n\t\t\t\t\t\t\t\t\t\t<span class=\"fas fa-phone mr-xs\"><\/span><a href=\"tel:+49 5351 525 900\" class=\"ansprechpartner__link\" title=\"call us now\">+49 5351 525 900<\/a>\r\n\t\t\t\t\t\t\t\t\t<\/div>\r\n\t\t\t\t\t\t\t\t\t\t\t\t\t\t\t\t\t\t<div class=\"ansprechpartner__email\">\r\n\t\t\t\t\t\t\t\t\t\t<span class=\"fas fa-envelope mr-xs\"><\/span><a href=\"mailto:mail@rpm-factories.de\" class=\"ansprechpartner__link\" title=\"Write us a mail\">mail@rpm-factories.de<\/a>\r\n\t\t\t\t\t\t\t\t\t<\/div>\r\n\t\t\t\t\t\t\t\t\t\t\t\t\t\t\t<\/div>\r\n\t\t\t\t\t<\/aside>\r\n\t\t\t\t\t\t\t<\/div>\r\n\t<\/div>\r\n<\/div>\r\n<\/div>\n\n","protected":false},"excerpt":{"rendered":"","protected":false},"author":2,"featured_media":0,"parent":0,"menu_order":1,"comment_status":"closed","ping_status":"closed","template":"","meta":{"_acf_changed":false,"inline_featured_image":false,"ghostkit_customizer_options":"","ghostkit_custom_css":"","ghostkit_custom_js_head":"","ghostkit_custom_js_foot":"","ghostkit_typography":"","footnotes":""},"class_list":["post-797","page","type-page","status-publish","hentry"],"acf":[],"_links":{"self":[{"href":"https:\/\/www.rpm-factories.de\/en\/wp-json\/wp\/v2\/pages\/797","targetHints":{"allow":["GET"]}}],"collection":[{"href":"https:\/\/www.rpm-factories.de\/en\/wp-json\/wp\/v2\/pages"}],"about":[{"href":"https:\/\/www.rpm-factories.de\/en\/wp-json\/wp\/v2\/types\/page"}],"author":[{"embeddable":true,"href":"https:\/\/www.rpm-factories.de\/en\/wp-json\/wp\/v2\/users\/2"}],"replies":[{"embeddable":true,"href":"https:\/\/www.rpm-factories.de\/en\/wp-json\/wp\/v2\/comments?post=797"}],"version-history":[{"count":7,"href":"https:\/\/www.rpm-factories.de\/en\/wp-json\/wp\/v2\/pages\/797\/revisions"}],"predecessor-version":[{"id":2913,"href":"https:\/\/www.rpm-factories.de\/en\/wp-json\/wp\/v2\/pages\/797\/revisions\/2913"}],"wp:attachment":[{"href":"https:\/\/www.rpm-factories.de\/en\/wp-json\/wp\/v2\/media?parent=797"}],"curies":[{"name":"wp","href":"https:\/\/api.w.org\/{rel}","templated":true}]}}